{"id":112,"date":"2023-08-19T03:34:07","date_gmt":"2023-08-19T03:34:07","guid":{"rendered":"https:\/\/cdl-cdl.ch\/?page_id=112"},"modified":"2024-05-28T15:07:27","modified_gmt":"2024-05-28T15:07:27","slug":"zaehne-putzen","status":"publish","type":"page","link":"https:\/\/cdl-cdl.ch\/index.php\/zaehne-putzen\/","title":{"rendered":"Z\u00e4hne putzen"},"content":{"rendered":"\n<p>ich putze meine Z\u00e4hne mit CDL. Wenn ich Vortr\u00e4ge \u00fcber CDL mache, dann zeige ich auch diese drei &#8222;Bilder&#8220; da unten dran. Sie sind ein Teil meiner Vortragsdokumentation und erkl\u00e4ren, wie Z\u00e4hneputzen mit CDL geht. Auf der Startseite sehen Sie eine Zeile &#8222;ClO2 selber machen&#8220;. Wenn Sie diese Anleitung befolgen, erhalten Sie 0,3-prozentige Chlordioxid-L\u00f6sung. 99,7 Prozent ist Wasser. Die Chemiker sagen nicht 0,3 Prozent, sondern 3&#8217;000 Millionstel = 3&#8217;000 ppm.  Diese gelbe Fl\u00fcssigkeit k\u00f6nnten wir CDL-Url\u00f6sung nennen.  Fr\u00fcher habe ich diese Url\u00f6sung in mich hinein gesch\u00fcttet, und zwar gleich 20 Milliliter.  Das ist nicht sch\u00e4dlich.  Aber dies ist gruusig und brennt im Hals. Das muss man sich nicht antun. Ich k\u00f6nnte mir vorstellen, dass es etwa gleich brennt, wie Whiskey oder Wodka. <br>Wenn ich diese Url\u00f6sung eins zu zehn verd\u00fcnne, dann habe ich noch 300 ppm. Das ist schon ganz akzeptabel. Und mit dieser Verd\u00fcnnung sp\u00fcle ich dann meinen Mund und t\u00f6te alle Karies-Bakterien ab: <\/p>\n\n\n\n<figure class=\"wp-block-gallery has-nested-images columns-default is-cropped wp-block-gallery-1 is-layout-flex wp-block-gallery-is-layout-flex\">\n<figure class=\"wp-block-image size-large\"><img loading=\"lazy\" decoding=\"async\" width=\"618\" height=\"808\" data-id=\"116\" src=\"https:\/\/cdl-cdl.ch\/wp-content\/uploads\/2023\/08\/70-Karies-Bakterien.jpg\" alt=\"\" class=\"wp-image-116\" srcset=\"https:\/\/cdl-cdl.ch\/wp-content\/uploads\/2023\/08\/70-Karies-Bakterien.jpg 618w, https:\/\/cdl-cdl.ch\/wp-content\/uploads\/2023\/08\/70-Karies-Bakterien-229x300.jpg 229w\" sizes=\"auto, (max-width: 618px) 100vw, 618px\" \/><\/figure>\n<\/figure>\n\n\n\n<figure class=\"wp-block-image size-large\"><img loading=\"lazy\" decoding=\"async\" width=\"1024\" height=\"889\" src=\"https:\/\/cdl-cdl.ch\/wp-content\/uploads\/2023\/08\/71-Zaehne-putzen-1024x889.jpg\" alt=\"\" class=\"wp-image-119\" srcset=\"https:\/\/cdl-cdl.ch\/wp-content\/uploads\/2023\/08\/71-Zaehne-putzen-1024x889.jpg 1024w, https:\/\/cdl-cdl.ch\/wp-content\/uploads\/2023\/08\/71-Zaehne-putzen-300x260.jpg 300w, https:\/\/cdl-cdl.ch\/wp-content\/uploads\/2023\/08\/71-Zaehne-putzen-768x666.jpg 768w, https:\/\/cdl-cdl.ch\/wp-content\/uploads\/2023\/08\/71-Zaehne-putzen.jpg 1097w\" sizes=\"auto, (max-width: 1024px) 100vw, 1024px\" \/><\/figure>\n\n\n\n<figure class=\"wp-block-image size-full\"><img loading=\"lazy\" decoding=\"async\" width=\"686\" height=\"909\" src=\"https:\/\/cdl-cdl.ch\/wp-content\/uploads\/2023\/08\/72-Letal-Dosis.jpg\" alt=\"\" class=\"wp-image-121\" srcset=\"https:\/\/cdl-cdl.ch\/wp-content\/uploads\/2023\/08\/72-Letal-Dosis.jpg 686w, https:\/\/cdl-cdl.ch\/wp-content\/uploads\/2023\/08\/72-Letal-Dosis-226x300.jpg 226w\" sizes=\"auto, (max-width: 686px) 100vw, 686px\" \/><\/figure>\n\n\n\n<p><br>und hier nochmals die Erkl\u00e4rung, wie die Chemiker statt in Prozenten in ppm rechnen: <\/p>\n\n\n\n<figure class=\"wp-block-image size-large\"><img loading=\"lazy\" decoding=\"async\" width=\"1024\" height=\"823\" src=\"https:\/\/cdl-cdl.ch\/wp-content\/uploads\/2023\/08\/68a-PPM-1024x823.jpg\" alt=\"\" class=\"wp-image-129\" srcset=\"https:\/\/cdl-cdl.ch\/wp-content\/uploads\/2023\/08\/68a-PPM-1024x823.jpg 1024w, https:\/\/cdl-cdl.ch\/wp-content\/uploads\/2023\/08\/68a-PPM-300x241.jpg 300w, https:\/\/cdl-cdl.ch\/wp-content\/uploads\/2023\/08\/68a-PPM-768x617.jpg 768w, https:\/\/cdl-cdl.ch\/wp-content\/uploads\/2023\/08\/68a-PPM.jpg 1164w\" sizes=\"auto, (max-width: 1024px) 100vw, 1024px\" \/><\/figure>\n","protected":false},"excerpt":{"rendered":"<p>ich putze meine Z\u00e4hne mit CDL. Wenn ich Vortr\u00e4ge \u00fcber CDL mache, dann zeige ich auch diese drei &#8222;Bilder&#8220; da unten dran. Sie sind ein Teil meiner Vortragsdokumentation und erkl\u00e4ren, wie Z\u00e4hneputzen mit CDL geht. Auf der Startseite sehen Sie eine Zeile &#8222;ClO2 selber machen&#8220;. Wenn Sie diese Anleitung befolgen, erhalten Sie 0,3-prozentige Chlordioxid-L\u00f6sung. 99,7 [&hellip;]<\/p>\n","protected":false},"author":1,"featured_media":0,"parent":0,"menu_order":3,"comment_status":"closed","ping_status":"closed","template":"","meta":{"footnotes":""},"class_list":["post-112","page","type-page","status-publish","hentry"],"_links":{"self":[{"href":"https:\/\/cdl-cdl.ch\/index.php\/wp-json\/wp\/v2\/pages\/112","targetHints":{"allow":["GET"]}}],"collection":[{"href":"https:\/\/cdl-cdl.ch\/index.php\/wp-json\/wp\/v2\/pages"}],"about":[{"href":"https:\/\/cdl-cdl.ch\/index.php\/wp-json\/wp\/v2\/types\/page"}],"author":[{"embeddable":true,"href":"https:\/\/cdl-cdl.ch\/index.php\/wp-json\/wp\/v2\/users\/1"}],"replies":[{"embeddable":true,"href":"https:\/\/cdl-cdl.ch\/index.php\/wp-json\/wp\/v2\/comments?post=112"}],"version-history":[{"count":11,"href":"https:\/\/cdl-cdl.ch\/index.php\/wp-json\/wp\/v2\/pages\/112\/revisions"}],"predecessor-version":[{"id":167,"href":"https:\/\/cdl-cdl.ch\/index.php\/wp-json\/wp\/v2\/pages\/112\/revisions\/167"}],"wp:attachment":[{"href":"https:\/\/cdl-cdl.ch\/index.php\/wp-json\/wp\/v2\/media?parent=112"}],"curies":[{"name":"wp","href":"https:\/\/api.w.org\/{rel}","templated":true}]}}