{"id":107,"date":"2023-07-23T15:55:18","date_gmt":"2023-07-23T15:55:18","guid":{"rendered":"https:\/\/cdl-cdl.ch\/?page_id=107"},"modified":"2024-05-28T15:07:44","modified_gmt":"2024-05-28T15:07:44","slug":"wie-funktioniert-chlordioxid","status":"publish","type":"page","link":"https:\/\/cdl-cdl.ch\/index.php\/wie-funktioniert-chlordioxid\/","title":{"rendered":"Wie funktioniert Chlordioxid?"},"content":{"rendered":"\n<p>Vor wenigen Jahren begegnete ich einem Chemiker. Dem wollte ich etwas von CDL erz\u00e4hlen. Er sagte:&#8220; Verzell mer n\u00fc\u00fct vo Chlordioxid! Das putzt alles!&#8220; Ich freute mich: Die Branche weiss Bescheid.<br>Wie geht das? &#8212;&gt;&nbsp; Durch Oxidation. Ganz anders, als Antibiotika. Diese t\u00f6ten den Krankheitskeim durch Vergiften. Das Chlordioxid-Molek\u00fcl brennt dem Bakterium ein Loch in die Zellwand. Dem Coronavirus brennt es die Spikes weg. Man k\u00f6nnte es&nbsp; Oxidationskraft nennen. Die Chemie spricht von Oxidationspotential. Verschiedene Substanzen haben ein verschiedenes Oxidationspotential. Wasserstoff(su)peroxid zum Beispiel hat ein Oxidationspotential von 1,78 Volt, Ozon 2.07 Volt, und Chlordioxid ist das schw\u00e4chste, es hat ein Oxidationspotential von 0.95 Volt. Normale K\u00f6rperzellen k\u00f6nnen dem Chlordioxid leicht widerstehen, sie haben ein Oxidationspotential von mehr als 1.4 Volt. Krankheitskeime hingegen haben ein Oxidationspotential von viel weniger als 0,9 Volt. Auch Krebszellen haben ein Oxidationspotential von weniger als 0,8 Volt. Auch sie k\u00f6nnen vom Chlordioxid angegriffen werden.<br>Chlordioxid ist ein instabiles Molek\u00fcl. Es zerf\u00e4llt sehr leicht. Insbesondere dort, wo es etwas zu oxidieren gibt. Und dann haben wir einen Moment lang Solo-Sauerstoff. Sogenannter monoatomischer Sauerstoff &#8211; O1. In der Atemluft ist aller Sauerstoff O2. Monoatomischer Sauerstoff ist sehr reaktionsfreudig. Das heisst: er will sich an etwas dranh\u00e4ngen. Und was passiert, wenn Sauerstoff sich an etwas h\u00e4ngt? Es wird oxidiert. Eisen rostet, Apfelsaft verg\u00e4rt, Gartenabf\u00e4lle verrotten, Holz verbrennt. Das sind alles Oxidationsvorg\u00e4nge. Das monoatomische Sauerstoff-At\u00f6mchen hat eine enorme Neigung, diese schwachen Krankheitskeime zu oxidieren. Die normalen K\u00f6rperzellen sind zu stark, sie widerstehen dieser Neigung\/Kraft des monoatomischen Sauerstoffs. Auch ist unser K\u00f6per im basischen Bereich. Alle Krankheitskeime sind im sauren Bereich. Auch Krebsherde sind ein saures Milieu. Dort &#8222;f\u00fchlt das Chlordioxid-Molek\u00fcl sich hingezogen&#8220; und dort explodiert es. Das O2 der Atemluft kann auch oxidieren, aber es &#8222;ist viel weniger scharf&#8220;.<br>Das Antibiotikum ist ein grosses Molek\u00fcl, ein Fremdk\u00f6rper, den unser K\u00f6rper nach getaner Arbeit hinaustransportieren muss. Chlordioxid hingegen ist ein winziges Molek\u00fcl, das bei der Wirkung zerf\u00e4llt in v\u00f6llig harmlose Substanzen: Sauerstoff, Wasser, Kochsalz.<\/p>\n\n\n\n<p>Es gibt noch einen weiteren Wirkmechanismus von Chlordioxid: Es bewirkt, dass jedes rote Blutk\u00f6rperchen mehr Sauerstoff aufnehmen kann. Sauerstoff ist die Energie unseres K\u00f6rpers. So bekommt unser K\u00f6rper mehr Energie. Auch unser Immunsystem bekommt dadurch mehr Energie und kann so seine Arbeit wieder besser tun, kann viele Funktionen, wieder selber \u00fcbernehmen, die es vorher nicht mehr leisten konnte und die durch die Medizin \u00fcbernommen werden mussten.<\/p>\n\n\n\n<p>Es gibt noch einen weiteren Wirkmechanismus von Chlordioxid: In jeder gesunden K\u00f6rperzelle hat es eine Menge von Mitochondrien. Diese verwandeln den Blutzucker mit Sauerstoff in Energie. Das sind die Kraftwerke unserer Zellen. Beim Krebs sind diese Mitochondrien lahm gelegt. Die Krebszelle muss nun den Blutzucker verg\u00e4ren, um Energie zu gewinnen. Das ist viel weniger effizient, und macht den Krebsherd sauer. Das Chlordioxid-Molek\u00fcl ist sehr klein. Es kommt \u00fcberall hin, da gibt es keine Schranken. Es dringt in die Krebszelle ein und &#8222;weckt die Mitochondrien zu neuem Leben auf.&#8220;<br>Jede K\u00f6rperzelle hat eine F\u00e4higkeit freiwillig zu sterben, wenn sie erkennt, dass sie nicht mehr funktionsf\u00e4hig ist. Diese F\u00e4higkeit nennt man Apoptose. Diese F\u00e4higkeit ist bei den Krebszellen ausgeschaltet. Durch die neu aufgeweckten Mitochondrien wird diese F\u00e4higkeit wieder eingeschaltet, wodurch die Krebszelle &#8222;den Geist aufgeben kann&#8220;, wenn sie schon zu degeneriert ist oder sie kann wieder funktionieren, wenn sie &#8222;noch zw\u00e4g ist&#8220;.<\/p>\n\n\n\n<p>Und, wie ich schon an anderer Stelle geschrieben habe: auf dieser Homepage erz\u00e4hlt uns Ali Erhan eine Menge \u00fcber CDL:<br>https:\/\/mms-seminar.com\/webinar-heilen-mit-mms<\/p>\n","protected":false},"excerpt":{"rendered":"<p>Vor wenigen Jahren begegnete ich einem Chemiker. Dem wollte ich etwas von CDL erz\u00e4hlen. Er sagte:&#8220; Verzell mer n\u00fc\u00fct vo Chlordioxid! Das putzt alles!&#8220; Ich freute mich: Die Branche weiss Bescheid.Wie geht das? &#8212;&gt;&nbsp; Durch Oxidation. Ganz anders, als Antibiotika. Diese t\u00f6ten den Krankheitskeim durch Vergiften. Das Chlordioxid-Molek\u00fcl brennt dem Bakterium ein Loch in die [&hellip;]<\/p>\n","protected":false},"author":1,"featured_media":0,"parent":0,"menu_order":4,"comment_status":"closed","ping_status":"closed","template":"","meta":{"footnotes":""},"class_list":["post-107","page","type-page","status-publish","hentry"],"_links":{"self":[{"href":"https:\/\/cdl-cdl.ch\/index.php\/wp-json\/wp\/v2\/pages\/107","targetHints":{"allow":["GET"]}}],"collection":[{"href":"https:\/\/cdl-cdl.ch\/index.php\/wp-json\/wp\/v2\/pages"}],"about":[{"href":"https:\/\/cdl-cdl.ch\/index.php\/wp-json\/wp\/v2\/types\/page"}],"author":[{"embeddable":true,"href":"https:\/\/cdl-cdl.ch\/index.php\/wp-json\/wp\/v2\/users\/1"}],"replies":[{"embeddable":true,"href":"https:\/\/cdl-cdl.ch\/index.php\/wp-json\/wp\/v2\/comments?post=107"}],"version-history":[{"count":1,"href":"https:\/\/cdl-cdl.ch\/index.php\/wp-json\/wp\/v2\/pages\/107\/revisions"}],"predecessor-version":[{"id":109,"href":"https:\/\/cdl-cdl.ch\/index.php\/wp-json\/wp\/v2\/pages\/107\/revisions\/109"}],"wp:attachment":[{"href":"https:\/\/cdl-cdl.ch\/index.php\/wp-json\/wp\/v2\/media?parent=107"}],"curies":[{"name":"wp","href":"https:\/\/api.w.org\/{rel}","templated":true}]}}